{"id":44,"date":"2021-09-01T19:18:51","date_gmt":"2021-09-01T17:18:51","guid":{"rendered":"http:\/\/psychomotricienne-samatan.fr\/?page_id=44"},"modified":"2025-03-07T11:03:48","modified_gmt":"2025-03-07T10:03:48","slug":"contacts","status":"publish","type":"page","link":"https:\/\/psychomotricienne-samatan.fr\/index.php\/contacts\/","title":{"rendered":"Contacts"},"content":{"rendered":"\n<h2 class=\"wp-block-heading has-text-align-center\">Entreprise individuelle <strong>M\u00e9lissa VERGEUR<\/strong><\/h2>\n\n\n\n<p class=\"has-text-align-center\">Psychomotricienne Dipl\u00f4m\u00e9e d&rsquo;Etat<\/p>\n\n\n\n<p class=\"has-text-align-center\">07 49 70 11 38<\/p>\n\n\n\n<p class=\"has-text-align-center\">Maison de Sant\u00e9 du bassin de la Save (2\u00e8me \u00e9tage)<\/p>\n\n\n\n<p class=\"has-text-align-center\">135 Chemin de l&rsquo;H\u00f4pital<\/p>\n\n\n\n<p class=\"has-text-align-center\">32130 <strong>Samatan<\/strong><\/p>\n\n\n\n<p class=\"has-text-align-center\">mvergeur.psychomot@gmail.com<\/p>\n\n\n\n<p><\/p>\n\n\n<p><iframe src=\"https:\/\/www.google.com\/maps\/embed?pb=!1m18!1m12!1m3!1d2894.531549458297!2d0.9299661153608627!3d43.49124567912716!2m3!1f0!2f0!3f0!3m2!1i1024!2i768!4f13.1!3m3!1m2!1s0x12a9406fb2338d75%3A0x484b7b7f1d6402b!2s135%20Chem.%20de%20L%20H%C3%B4pital%2C%2032130%20Samatan!5e0!3m2!1sfr!2sfr!4v1630765084609!5m2!1sfr!2sfr\" width=\"400\" height=\"300\" style=\"border:0;\" allowfullscreen=\"\" loading=\"lazy\"><\/iframe><\/p>\n","protected":false},"excerpt":{"rendered":"<p>Entreprise individuelle M\u00e9lissa VERGEUR Psychomotricienne Dipl\u00f4m\u00e9e d&rsquo;Etat 07 49 70 11 38 Maison de Sant\u00e9 du bassin de la Save (2\u00e8me \u00e9tage) 135 Chemin de l&rsquo;H\u00f4pital 32130 Samatan mvergeur.psychomot@gmail.com<\/p>\n","protected":false},"author":1,"featured_media":0,"parent":0,"menu_order":0,"comment_status":"closed","ping_status":"closed","template":"","meta":{"footnotes":""},"class_list":["post-44","page","type-page","status-publish","hentry"],"_links":{"self":[{"href":"https:\/\/psychomotricienne-samatan.fr\/index.php\/wp-json\/wp\/v2\/pages\/44","targetHints":{"allow":["GET"]}}],"collection":[{"href":"https:\/\/psychomotricienne-samatan.fr\/index.php\/wp-json\/wp\/v2\/pages"}],"about":[{"href":"https:\/\/psychomotricienne-samatan.fr\/index.php\/wp-json\/wp\/v2\/types\/page"}],"author":[{"embeddable":true,"href":"https:\/\/psychomotricienne-samatan.fr\/index.php\/wp-json\/wp\/v2\/users\/1"}],"replies":[{"embeddable":true,"href":"https:\/\/psychomotricienne-samatan.fr\/index.php\/wp-json\/wp\/v2\/comments?post=44"}],"version-history":[{"count":12,"href":"https:\/\/psychomotricienne-samatan.fr\/index.php\/wp-json\/wp\/v2\/pages\/44\/revisions"}],"predecessor-version":[{"id":373,"href":"https:\/\/psychomotricienne-samatan.fr\/index.php\/wp-json\/wp\/v2\/pages\/44\/revisions\/373"}],"wp:attachment":[{"href":"https:\/\/psychomotricienne-samatan.fr\/index.php\/wp-json\/wp\/v2\/media?parent=44"}],"curies":[{"name":"wp","href":"https:\/\/api.w.org\/{rel}","templated":true}]}}