{"id":42,"date":"2021-09-01T19:18:31","date_gmt":"2021-09-01T17:18:31","guid":{"rendered":"http:\/\/psychomotricienne-samatan.fr\/?page_id=42"},"modified":"2025-11-20T21:23:48","modified_gmt":"2025-11-20T20:23:48","slug":"tarifs-et-financements","status":"publish","type":"page","link":"https:\/\/psychomotricienne-samatan.fr\/index.php\/tarifs-et-financements\/","title":{"rendered":"Tarifs et Financements"},"content":{"rendered":"\n<div class=\"wp-block-group\"><div class=\"wp-block-group__inner-container is-layout-flow wp-block-group-is-layout-flow\">\n<div class=\"wp-block-buttons is-layout-flex wp-block-buttons-is-layout-flex\">\n<div class=\"wp-block-button\"><a class=\"wp-block-button__link wp-element-button\" href=\"https:\/\/www.enfant-different.org\/premiers-temps-avec-son-enfant\/les-plateformes-de-coordination-et-dorientation-pco\" target=\"_blank\" rel=\"noreferrer noopener\">En savoir plus<\/a><\/div>\n<\/div>\n\n\n\n<p>La psychomotricit\u00e9 n\u2019est pas rembours\u00e9e par la S\u00e9curit\u00e9 Sociale (sauf prestations \u00ab extra-legales \u00bb en fonctions des revenus).<\/p>\n\n\n\n<p>Certaines mutuelles prennent en charge une partie des frais (n&rsquo;h\u00e9sitez pas \u00e0 contacter votre mutuelle pour \u00eatre renseign\u00e9). <\/p>\n\n\n\n<p>Une aide financi\u00e8re peut vous \u00eatre allou\u00e9e de la MDPH lorsqu\u2019un dossier est mis en place : Allocation d\u2019\u00e9ducation de l\u2019enfant handicap\u00e9 (AEEH) ou allocation adulte handicap\u00e9 (AAH).<\/p>\n\n\n\n<p>De nouveaux projets ont vu le jour et permettent une prise en charge financi\u00e8re : <\/p>\n\n\n\n<ul class=\"wp-block-list\">\n<li>Le forfait pr\u00e9coce TSA (trouble du spectre autistique) et TND (trouble du neurod\u00e9veloppement) :&nbsp; financement, pendant un an, par l\u2019assurance maladie, des bilans et interventions des psychomotriciens pour les enfants de 0 \u00e0 6 ans r\u00e9volus pr\u00e9sentant une suspicions de TSA ou de TND. C&rsquo;est le m\u00e9decin traitant apr\u00e8s une consultation sp\u00e9cialis\u00e9e, qui \u00e9value si l&rsquo;enfant est en difficult\u00e9 et peut alors orienter votre enfant vers cette plateforme.<\/li>\n<\/ul>\n\n\n\n<p><\/p>\n\n\n\n<ul class=\"wp-block-list\">\n<li>Ce forfait est d\u00e9sormais \u00e9tendu aux enfants de 7 \u00e0 12 ans : La PCO est un dispositif destin\u00e9 \u00e0 faciliter le d\u00e9pistage, le diagnostic et l\u2019orientation vers les prises en charges adapt\u00e9es. La PCO du Gers intervient pour les enfants \u00e2g\u00e9s de 7 \u00e0 12 ans chez lesquels un ou plusieurs troubles neurod\u00e9veloppementaux (TND) sont suspect\u00e9s.<\/li>\n<\/ul>\n<\/div><\/div>\n\n\n\n<p><\/p>\n\n\n\n<p><\/p>\n\n\n\n<div class=\"wp-block-cover is-light\"><img loading=\"lazy\" decoding=\"async\" width=\"1920\" height=\"768\" class=\"wp-block-cover__image-background wp-image-197\" alt=\"\" src=\"https:\/\/psychomotricienne-samatan.fr\/wp-content\/uploads\/2021\/09\/volunteer-2055015_1920.png\" data-object-fit=\"cover\" srcset=\"https:\/\/psychomotricienne-samatan.fr\/wp-content\/uploads\/2021\/09\/volunteer-2055015_1920.png 1920w, https:\/\/psychomotricienne-samatan.fr\/wp-content\/uploads\/2021\/09\/volunteer-2055015_1920-300x120.png 300w, https:\/\/psychomotricienne-samatan.fr\/wp-content\/uploads\/2021\/09\/volunteer-2055015_1920-1024x410.png 1024w, https:\/\/psychomotricienne-samatan.fr\/wp-content\/uploads\/2021\/09\/volunteer-2055015_1920-768x307.png 768w, https:\/\/psychomotricienne-samatan.fr\/wp-content\/uploads\/2021\/09\/volunteer-2055015_1920-1536x614.png 1536w\" sizes=\"auto, (max-width: 1920px) 100vw, 1920px\" \/><span aria-hidden=\"true\" class=\"wp-block-cover__background has-background-dim\"><\/span><div class=\"wp-block-cover__inner-container is-layout-flow wp-block-cover-is-layout-flow\">\n<p class=\"has-text-align-center has-large-font-size\">N&rsquo;h\u00e9sitez pas \u00e0 vous renseigner  !<\/p>\n<\/div><\/div>\n","protected":false},"excerpt":{"rendered":"<p>La psychomotricit\u00e9 n\u2019est pas rembours\u00e9e par la S\u00e9curit\u00e9 Sociale (sauf prestations \u00ab extra-legales \u00bb en fonctions des revenus). Certaines mutuelles prennent en charge une partie des frais (n&rsquo;h\u00e9sitez pas \u00e0 contacter votre mutuelle pour \u00eatre renseign\u00e9). Une aide financi\u00e8re peut vous \u00eatre allou\u00e9e de la MDPH lorsqu\u2019un dossier est mis en place : Allocation d\u2019\u00e9ducation [&hellip;]<\/p>\n","protected":false},"author":1,"featured_media":0,"parent":0,"menu_order":0,"comment_status":"closed","ping_status":"closed","template":"","meta":{"footnotes":""},"class_list":["post-42","page","type-page","status-publish","hentry"],"_links":{"self":[{"href":"https:\/\/psychomotricienne-samatan.fr\/index.php\/wp-json\/wp\/v2\/pages\/42","targetHints":{"allow":["GET"]}}],"collection":[{"href":"https:\/\/psychomotricienne-samatan.fr\/index.php\/wp-json\/wp\/v2\/pages"}],"about":[{"href":"https:\/\/psychomotricienne-samatan.fr\/index.php\/wp-json\/wp\/v2\/types\/page"}],"author":[{"embeddable":true,"href":"https:\/\/psychomotricienne-samatan.fr\/index.php\/wp-json\/wp\/v2\/users\/1"}],"replies":[{"embeddable":true,"href":"https:\/\/psychomotricienne-samatan.fr\/index.php\/wp-json\/wp\/v2\/comments?post=42"}],"version-history":[{"count":17,"href":"https:\/\/psychomotricienne-samatan.fr\/index.php\/wp-json\/wp\/v2\/pages\/42\/revisions"}],"predecessor-version":[{"id":413,"href":"https:\/\/psychomotricienne-samatan.fr\/index.php\/wp-json\/wp\/v2\/pages\/42\/revisions\/413"}],"wp:attachment":[{"href":"https:\/\/psychomotricienne-samatan.fr\/index.php\/wp-json\/wp\/v2\/media?parent=42"}],"curies":[{"name":"wp","href":"https:\/\/api.w.org\/{rel}","templated":true}]}}