{"id":40,"date":"2021-09-03T18:26:07","date_gmt":"2021-09-03T16:26:07","guid":{"rendered":"http:\/\/psychomotricienne-samatan.fr\/?page_id=40"},"modified":"2025-10-19T15:58:44","modified_gmt":"2025-10-19T13:58:44","slug":"pour-qui","status":"publish","type":"page","link":"https:\/\/psychomotricienne-samatan.fr\/index.php\/pour-qui\/","title":{"rendered":"Pour qui ?"},"content":{"rendered":"\n<p class=\"has-text-align-center\" style=\"font-style:normal;font-weight:100\">Le psychomotricien accompagne des patients aux diff\u00e9rentes \u00e9tapes de la vie.<\/p>\n\n\n\n<p class=\"has-text-align-center\" style=\"font-style:normal;font-weight:100\">Toute personne ayant un trouble, une pathologie ou un handicap, qu\u2019il soit sensoriel, moteur, ou psychique, de naissance ou cons\u00e9cutivement \u00e0 un \u00e9v\u00e9nement de vie, peut b\u00e9n\u00e9ficier de soins psychomoteurs.<\/p>\n\n\n\n<p class=\"has-text-align-center\" style=\"font-style:normal;font-weight:100\"> Plus pr\u00e9cis\u00e9ment, voici quelques exemples de motif de consultation :  <\/p>\n\n\n\n<div class=\"wp-block-media-text alignwide is-stacked-on-mobile is-image-fill-element has-background\" style=\"background-color:#daa7ce\"><figure class=\"wp-block-media-text__media\"><img loading=\"lazy\" decoding=\"async\" width=\"1024\" height=\"768\" src=\"https:\/\/psychomotricienne-samatan.fr\/wp-content\/uploads\/2021\/09\/young-4783322_1920-1024x768.jpg\" alt=\"\" class=\"wp-image-150 size-full\" style=\"object-position:50% 50%\" srcset=\"https:\/\/psychomotricienne-samatan.fr\/wp-content\/uploads\/2021\/09\/young-4783322_1920-1024x768.jpg 1024w, https:\/\/psychomotricienne-samatan.fr\/wp-content\/uploads\/2021\/09\/young-4783322_1920-300x225.jpg 300w, https:\/\/psychomotricienne-samatan.fr\/wp-content\/uploads\/2021\/09\/young-4783322_1920-768x576.jpg 768w, https:\/\/psychomotricienne-samatan.fr\/wp-content\/uploads\/2021\/09\/young-4783322_1920-1536x1152.jpg 1536w, https:\/\/psychomotricienne-samatan.fr\/wp-content\/uploads\/2021\/09\/young-4783322_1920.jpg 1920w\" sizes=\"auto, (max-width: 1024px) 100vw, 1024px\" \/><\/figure><div class=\"wp-block-media-text__content\">\n<p class=\"has-text-align-left has-black-color has-text-color has-normal-font-size\"><span style=\"color: initial;\">Le b\u00e9b\u00e9 ou le jeune enfant s\u2019il pr\u00e9sente : <\/span><\/p>\n\n\n\n<ul style=\"font-style:normal;font-weight:100\" class=\"wp-block-list\">\n<li><span style=\"color: initial;\">un retard de d\u00e9veloppement, <\/span><\/li>\n\n\n\n<li><span style=\"color: initial;\">une pr\u00e9maturit\u00e9, <\/span><\/li>\n\n\n\n<li><span style=\"color: initial;\">un handicap (trisomie, IMC, \u00e9pilepsie\u2026), <\/span><\/li>\n\n\n\n<li><span style=\"color: initial;\">des signaux d\u2019appel d\u2019un trouble du spectre autistique&#8230;<\/span> <\/li>\n<\/ul>\n<\/div><\/div>\n\n\n\n<div class=\"wp-block-media-text alignwide is-stacked-on-mobile is-image-fill-element has-background\" style=\"background-color:#c5e5fc\"><figure class=\"wp-block-media-text__media\"><img loading=\"lazy\" decoding=\"async\" width=\"1024\" height=\"683\" src=\"https:\/\/psychomotricienne-samatan.fr\/wp-content\/uploads\/2021\/09\/games-2801332_1920-1024x683.jpg\" alt=\"\" class=\"wp-image-270 size-full\" style=\"object-position:50% 50%\" srcset=\"https:\/\/psychomotricienne-samatan.fr\/wp-content\/uploads\/2021\/09\/games-2801332_1920-1024x683.jpg 1024w, https:\/\/psychomotricienne-samatan.fr\/wp-content\/uploads\/2021\/09\/games-2801332_1920-300x200.jpg 300w, https:\/\/psychomotricienne-samatan.fr\/wp-content\/uploads\/2021\/09\/games-2801332_1920-768x512.jpg 768w, https:\/\/psychomotricienne-samatan.fr\/wp-content\/uploads\/2021\/09\/games-2801332_1920-1536x1024.jpg 1536w, https:\/\/psychomotricienne-samatan.fr\/wp-content\/uploads\/2021\/09\/games-2801332_1920.jpg 1920w\" sizes=\"auto, (max-width: 1024px) 100vw, 1024px\" \/><\/figure><div class=\"wp-block-media-text__content\">\n<p><\/p>\n\n\n\n<p class=\"has-normal-font-size\"><span style=\"color: initial;\">L\u2019enfant et l\u2019adolescent s\u2019il pr\u00e9sente :  <\/span><\/p>\n\n\n\n<ul class=\"wp-block-list\">\n<li style=\"font-style:normal;font-weight:100\"><span style=\"color: initial;\">des troubles de la motricit\u00e9 globale, des coordinations et\/ou de l\u2019\u00e9quilibre, de la maladresse, des difficult\u00e9s de motricit\u00e9 fine, <\/span><\/li>\n\n\n\n<li style=\"font-style:normal;font-weight:100\"><span style=\"color: initial;\">un manque de pr\u00e9cision dans ses gestes, une lenteur, des difficult\u00e9s \u00e0 s&rsquo;habiller ou faire ses lacets, \u00e0 faire du v\u00e9lo, <\/span><\/li>\n\n\n\n<li style=\"font-style:normal;font-weight:100\"><span style=\"color: initial;\">une \u00e9criture lente, illisible ou mal soign\u00e9e, un refus d&rsquo;\u00e9crire, des douleurs \u00e0 l&rsquo;\u00e9criture&#8230;<\/span><\/li>\n\n\n\n<li style=\"font-style:normal;font-weight:100\"><span style=\"color: initial;\">des difficult\u00e9s d\u2019apprentissage, <\/span><\/li>\n\n\n\n<li style=\"font-style:normal;font-weight:100\"><span style=\"color: initial;\">des troubles de la lat\u00e9ralit\u00e9, ne sait pas quelle main choisir, ne conna\u00eet pas encore sa droite et sa gauche, <\/span><\/li>\n\n\n\n<li style=\"font-style:normal;font-weight:100\"><span style=\"color: initial;\">des difficult\u00e9s de rep\u00e9rage dans le temps et l&rsquo;espace, <\/span><\/li>\n\n\n\n<li style=\"font-style:normal;font-weight:100\"><span style=\"color: initial;\">un trouble de l\u2019attention avec ou sans hyperactivit\u00e9 (TDA\/H), <\/span><\/li>\n\n\n\n<li style=\"font-style:normal;font-weight:100\"><span style=\"color: initial;\">des troubles du comportement, <\/span><\/li>\n\n\n\n<li style=\"font-style:normal;font-weight:100\"><span style=\"color: initial;\">un trouble du spectre autistique, <\/span><\/li>\n\n\n\n<li style=\"font-style:normal;font-weight:100\"><span style=\"color: initial;\">un retard de d\u00e9veloppement&#8230;<\/span> <\/li>\n<\/ul>\n<\/div><\/div>\n\n\n\n<div class=\"wp-block-media-text alignwide is-stacked-on-mobile is-image-fill-element has-background\" style=\"background-color:#e9f1e6\"><figure class=\"wp-block-media-text__media\"><img loading=\"lazy\" decoding=\"async\" width=\"1024\" height=\"576\" src=\"https:\/\/psychomotricienne-samatan.fr\/wp-content\/uploads\/2021\/09\/personnes-agees1-1024x576.jpg\" alt=\"\" class=\"wp-image-274 size-full\" style=\"object-position:50% 50%\" srcset=\"https:\/\/psychomotricienne-samatan.fr\/wp-content\/uploads\/2021\/09\/personnes-agees1-1024x576.jpg 1024w, https:\/\/psychomotricienne-samatan.fr\/wp-content\/uploads\/2021\/09\/personnes-agees1-300x169.jpg 300w, https:\/\/psychomotricienne-samatan.fr\/wp-content\/uploads\/2021\/09\/personnes-agees1-768x432.jpg 768w, https:\/\/psychomotricienne-samatan.fr\/wp-content\/uploads\/2021\/09\/personnes-agees1-1536x864.jpg 1536w, https:\/\/psychomotricienne-samatan.fr\/wp-content\/uploads\/2021\/09\/personnes-agees1.jpg 1920w\" sizes=\"auto, (max-width: 1024px) 100vw, 1024px\" \/><\/figure><div class=\"wp-block-media-text__content\">\n<p><\/p>\n\n\n\n<p class=\"has-normal-font-size\"><span style=\"color: initial;\">L\u2019adulte s\u2019il pr\u00e9sente un handicap quel qu\u2019il soit (moteur, cognitif\u2026) <\/span> <\/p>\n\n\n\n<p><span style=\"font-size: revert; color: initial;\">La personne \u00e2g\u00e9e si elle pr\u00e9sente : <\/span><\/p>\n\n\n\n<ul class=\"wp-block-list has-normal-font-size\">\n<li style=\"font-style:normal;font-weight:100\"><span style=\"font-size: revert; color: initial;\">des difficult\u00e9s d\u2019\u00e9quilibre et des chutes fr\u00e9quentes, <\/span><\/li>\n\n\n\n<li style=\"font-style:normal;font-weight:100\"><span style=\"font-size: revert; color: initial;\">une perte d&rsquo;autonomie,<\/span><\/li>\n\n\n\n<li style=\"font-style:normal;font-weight:100\"><span style=\"font-size: revert; color: initial;\">des troubles de la m\u00e9moire, de l&rsquo;attention, de la maladresse, <\/span><\/li>\n\n\n\n<li style=\"font-style:normal;font-weight:100\"><span style=\"font-size: revert; color: initial;\">une d\u00e9mence ou des troubles neurologiques (la maladie d\u2019Alzheimer, la maladie de parkinson&#8230;)<\/span> <\/li>\n<\/ul>\n<\/div><\/div>\n\n\n\n<p><\/p>\n","protected":false},"excerpt":{"rendered":"<p>Le psychomotricien accompagne des patients aux diff\u00e9rentes \u00e9tapes de la vie. Toute personne ayant un trouble, une pathologie ou un handicap, qu\u2019il soit sensoriel, moteur, ou psychique, de naissance ou cons\u00e9cutivement \u00e0 un \u00e9v\u00e9nement de vie, peut b\u00e9n\u00e9ficier de soins psychomoteurs. Plus pr\u00e9cis\u00e9ment, voici quelques exemples de motif de consultation :<\/p>\n","protected":false},"author":1,"featured_media":0,"parent":0,"menu_order":0,"comment_status":"closed","ping_status":"closed","template":"","meta":{"footnotes":""},"class_list":["post-40","page","type-page","status-publish","hentry"],"_links":{"self":[{"href":"https:\/\/psychomotricienne-samatan.fr\/index.php\/wp-json\/wp\/v2\/pages\/40","targetHints":{"allow":["GET"]}}],"collection":[{"href":"https:\/\/psychomotricienne-samatan.fr\/index.php\/wp-json\/wp\/v2\/pages"}],"about":[{"href":"https:\/\/psychomotricienne-samatan.fr\/index.php\/wp-json\/wp\/v2\/types\/page"}],"author":[{"embeddable":true,"href":"https:\/\/psychomotricienne-samatan.fr\/index.php\/wp-json\/wp\/v2\/users\/1"}],"replies":[{"embeddable":true,"href":"https:\/\/psychomotricienne-samatan.fr\/index.php\/wp-json\/wp\/v2\/comments?post=40"}],"version-history":[{"count":19,"href":"https:\/\/psychomotricienne-samatan.fr\/index.php\/wp-json\/wp\/v2\/pages\/40\/revisions"}],"predecessor-version":[{"id":402,"href":"https:\/\/psychomotricienne-samatan.fr\/index.php\/wp-json\/wp\/v2\/pages\/40\/revisions\/402"}],"wp:attachment":[{"href":"https:\/\/psychomotricienne-samatan.fr\/index.php\/wp-json\/wp\/v2\/media?parent=40"}],"curies":[{"name":"wp","href":"https:\/\/api.w.org\/{rel}","templated":true}]}}