{"id":38,"date":"2021-08-31T15:50:47","date_gmt":"2021-08-31T13:50:47","guid":{"rendered":"http:\/\/psychomotricienne-samatan.fr\/?page_id=38"},"modified":"2025-10-19T16:03:20","modified_gmt":"2025-10-19T14:03:20","slug":"la-psychomotricite-cest-quoi","status":"publish","type":"page","link":"https:\/\/psychomotricienne-samatan.fr\/index.php\/la-psychomotricite-cest-quoi\/","title":{"rendered":"La psychomotricit\u00e9, c&rsquo;est quoi ?"},"content":{"rendered":"\n<div class=\"wp-block-group\"><div class=\"wp-block-group__inner-container is-layout-flow wp-block-group-is-layout-flow\">\n<p class=\"has-text-align-center\">La psychomotricit\u00e9 vise \u00e0 l\u2019harmonie des fonctions motrices et psychiques\/cognitives en prenant en compte les dimensions&nbsp;sensorielles, motrices, cognitives et&nbsp;affectives. <\/p>\n\n\n\n<p class=\"has-text-align-center\">En d&rsquo;autres termes, c&rsquo;est aider les individus \u00e0 identifier leurs comp\u00e9tences et leurs difficult\u00e9s d\u2019adaptation afin de limiter, compenser voire supprimer leurs difficult\u00e9s et de trouver des strat\u00e9gies d\u2019adaptation en s\u2019appuyant sur leurs ressources et potentialit\u00e9s.<\/p>\n\n\n\n<p class=\"has-text-align-center\">Elle s\u2019adresse \u00e0 l\u2019individu dans sa globalit\u00e9 et en relation avec son environnement.&nbsp;        <\/p>\n<\/div><\/div>\n\n\n\n<div class=\"wp-block-columns is-layout-flex wp-container-core-columns-is-layout-9d6595d7 wp-block-columns-is-layout-flex\">\n<div class=\"wp-block-column is-layout-flow wp-block-column-is-layout-flow\" style=\"flex-basis:100%\"><div class=\"wp-block-image is-style-default\">\n<figure class=\"aligncenter size-full is-resized\"><img loading=\"lazy\" decoding=\"async\" width=\"908\" height=\"511\" src=\"https:\/\/psychomotricienne-samatan.fr\/wp-content\/uploads\/2021\/09\/chronologie-psychomotricite.png\" alt=\"\" class=\"wp-image-309\" style=\"width:948px;height:533px\" srcset=\"https:\/\/psychomotricienne-samatan.fr\/wp-content\/uploads\/2021\/09\/chronologie-psychomotricite.png 908w, https:\/\/psychomotricienne-samatan.fr\/wp-content\/uploads\/2021\/09\/chronologie-psychomotricite-300x169.png 300w, https:\/\/psychomotricienne-samatan.fr\/wp-content\/uploads\/2021\/09\/chronologie-psychomotricite-768x432.png 768w\" sizes=\"auto, (max-width: 908px) 100vw, 908px\" \/><\/figure><\/div><\/div>\n<\/div>\n\n\n\n<p class=\"has-normal-font-size\"><\/p>\n\n\n\n<p><\/p>\n","protected":false},"excerpt":{"rendered":"<p>La psychomotricit\u00e9 vise \u00e0 l\u2019harmonie des fonctions motrices et psychiques\/cognitives en prenant en compte les dimensions&nbsp;sensorielles, motrices, cognitives et&nbsp;affectives. En d&rsquo;autres termes, c&rsquo;est aider les individus \u00e0 identifier leurs comp\u00e9tences et leurs difficult\u00e9s d\u2019adaptation afin de limiter, compenser voire supprimer leurs difficult\u00e9s et de trouver des strat\u00e9gies d\u2019adaptation en s\u2019appuyant sur leurs ressources et potentialit\u00e9s. [&hellip;]<\/p>\n","protected":false},"author":1,"featured_media":0,"parent":0,"menu_order":0,"comment_status":"closed","ping_status":"closed","template":"","meta":{"footnotes":""},"class_list":["post-38","page","type-page","status-publish","hentry"],"_links":{"self":[{"href":"https:\/\/psychomotricienne-samatan.fr\/index.php\/wp-json\/wp\/v2\/pages\/38","targetHints":{"allow":["GET"]}}],"collection":[{"href":"https:\/\/psychomotricienne-samatan.fr\/index.php\/wp-json\/wp\/v2\/pages"}],"about":[{"href":"https:\/\/psychomotricienne-samatan.fr\/index.php\/wp-json\/wp\/v2\/types\/page"}],"author":[{"embeddable":true,"href":"https:\/\/psychomotricienne-samatan.fr\/index.php\/wp-json\/wp\/v2\/users\/1"}],"replies":[{"embeddable":true,"href":"https:\/\/psychomotricienne-samatan.fr\/index.php\/wp-json\/wp\/v2\/comments?post=38"}],"version-history":[{"count":41,"href":"https:\/\/psychomotricienne-samatan.fr\/index.php\/wp-json\/wp\/v2\/pages\/38\/revisions"}],"predecessor-version":[{"id":404,"href":"https:\/\/psychomotricienne-samatan.fr\/index.php\/wp-json\/wp\/v2\/pages\/38\/revisions\/404"}],"wp:attachment":[{"href":"https:\/\/psychomotricienne-samatan.fr\/index.php\/wp-json\/wp\/v2\/media?parent=38"}],"curies":[{"name":"wp","href":"https:\/\/api.w.org\/{rel}","templated":true}]}}