{"id":13,"date":"2021-08-16T14:36:32","date_gmt":"2021-08-16T12:36:32","guid":{"rendered":"http:\/\/psychomotricienne-samatan.fr\/?page_id=13"},"modified":"2025-11-20T21:25:29","modified_gmt":"2025-11-20T20:25:29","slug":"presentation","status":"publish","type":"page","link":"https:\/\/psychomotricienne-samatan.fr\/index.php\/presentation\/","title":{"rendered":"Pr\u00e9sentation"},"content":{"rendered":"\n<div class=\"wp-block-media-text alignwide is-stacked-on-mobile is-vertically-aligned-center has-background\" style=\"background-color:#ffdcb7\"><figure class=\"wp-block-media-text__media\"><img loading=\"lazy\" decoding=\"async\" width=\"768\" height=\"1024\" src=\"https:\/\/psychomotricienne-samatan.fr\/wp-content\/uploads\/2021\/09\/IMG-20191123-WA0019-768x1024.jpg\" alt=\"\" class=\"wp-image-165 size-full\" srcset=\"https:\/\/psychomotricienne-samatan.fr\/wp-content\/uploads\/2021\/09\/IMG-20191123-WA0019-768x1024.jpg 768w, https:\/\/psychomotricienne-samatan.fr\/wp-content\/uploads\/2021\/09\/IMG-20191123-WA0019-225x300.jpg 225w, https:\/\/psychomotricienne-samatan.fr\/wp-content\/uploads\/2021\/09\/IMG-20191123-WA0019-1152x1536.jpg 1152w, https:\/\/psychomotricienne-samatan.fr\/wp-content\/uploads\/2021\/09\/IMG-20191123-WA0019.jpg 1200w\" sizes=\"auto, (max-width: 768px) 100vw, 768px\" \/><\/figure><div class=\"wp-block-media-text__content\">\n<p class=\"has-text-align-center has-black-color has-text-color\" style=\"font-size:18px\"><strong>Une petite pr\u00e9sentation&#8230;<\/strong><\/p>\n\n\n\n<p style=\"font-size:18px;font-style:normal;font-weight:200\">Psychomotricienne dipl\u00f4m\u00e9e d&rsquo;Etat depuis 2017, j&rsquo;ai r\u00e9alis\u00e9 mes 3 ann\u00e9es d&rsquo;\u00e9tudes \u00e0 l&rsquo;Institut de formation en psychomotricit\u00e9 \u00e0 l&rsquo;\u00e9cole de Toulouse. <\/p>\n\n\n\n<p style=\"font-size:18px;font-style:normal;font-weight:100\">J&rsquo;ai d&rsquo;abord exerc\u00e9 mon m\u00e9tier en p\u00e9dopsychiatrie pendant 2 ans dans un centre m\u00e9dico-psychologique infantile (CMP) avant de partir en mission de solidarit\u00e9 internationale au Togo pendant 3 mois. <\/p>\n\n\n\n<p class=\"has-black-color has-text-color has-link-color wp-elements-4dd80a3f2eb4355302de8deeade03f38\" style=\"font-size:18px;font-style:normal;font-weight:300\">Depuis septembre 2021, j&rsquo;ai ouvert mon cabinet dans la maison de Sant\u00e9 de Samatan tout en travaillant \u00e0 mi-temps au Centre Medico-Psycho-P\u00e9dagogique (CMPP) \u00e0 Muret.<\/p>\n\n\n\n<p style=\"font-size:18px;font-style:normal;font-weight:100\">Depuis septembre 2025, je me consacre \u00e0 temps complet \u00e0 mon cabinet.<\/p>\n<\/div><\/div>\n\n\n\n<p><\/p>\n\n\n\n<p><\/p>\n\n\n\n<p>Formation continue<\/p>\n\n\n\n<ul class=\"wp-block-list\">\n<li><strong>Septembre 2025 <\/strong>&#8211; Rep\u00e9rage et prise en charge sensori-motrice globale et pr\u00e9coce du jeune enfant vuln\u00e9rable et \u00e0 risque de TND &#8211; CEFIPS<\/li>\n\n\n\n<li><strong>D\u00e9cembre 2024 &#8211;<\/strong> Les outils VISIO &#8211; Learning Brain<\/li>\n\n\n\n<li><strong>Avril 2024 &#8211; <\/strong>Jeux et M\u00e9tapsychomotricit\u00e9 &#8211; Go Elan<\/li>\n\n\n\n<li><strong>Novembre 2023 &#8211; <\/strong>Le profil sensoriel de DUNN 2 : \u00e9valuation de la sensorialit\u00e9 et am\u00e9nagements &#8211; Octopus<\/li>\n\n\n\n<li><strong>Mars 2023 &#8211; <\/strong>Guidance parentale de type Barkley &#8211; Go Elan<\/li>\n\n\n\n<li><strong>Octobre 2022 &#8211; <\/strong>R\u00e9\u00e9ducation grapho-psychomotrice &#8211; Go Elan<\/li>\n<\/ul>\n","protected":false},"excerpt":{"rendered":"<p>Une petite pr\u00e9sentation&#8230; Psychomotricienne dipl\u00f4m\u00e9e d&rsquo;Etat depuis 2017, j&rsquo;ai r\u00e9alis\u00e9 mes 3 ann\u00e9es d&rsquo;\u00e9tudes \u00e0 l&rsquo;Institut de formation en psychomotricit\u00e9 \u00e0 l&rsquo;\u00e9cole de Toulouse. J&rsquo;ai d&rsquo;abord exerc\u00e9 mon m\u00e9tier en p\u00e9dopsychiatrie pendant 2 ans dans un centre m\u00e9dico-psychologique infantile (CMP) avant de partir en mission de solidarit\u00e9 internationale au Togo pendant 3 mois. Depuis septembre [&hellip;]<\/p>\n","protected":false},"author":1,"featured_media":0,"parent":0,"menu_order":0,"comment_status":"closed","ping_status":"closed","template":"","meta":{"footnotes":""},"class_list":["post-13","page","type-page","status-publish","hentry"],"_links":{"self":[{"href":"https:\/\/psychomotricienne-samatan.fr\/index.php\/wp-json\/wp\/v2\/pages\/13","targetHints":{"allow":["GET"]}}],"collection":[{"href":"https:\/\/psychomotricienne-samatan.fr\/index.php\/wp-json\/wp\/v2\/pages"}],"about":[{"href":"https:\/\/psychomotricienne-samatan.fr\/index.php\/wp-json\/wp\/v2\/types\/page"}],"author":[{"embeddable":true,"href":"https:\/\/psychomotricienne-samatan.fr\/index.php\/wp-json\/wp\/v2\/users\/1"}],"replies":[{"embeddable":true,"href":"https:\/\/psychomotricienne-samatan.fr\/index.php\/wp-json\/wp\/v2\/comments?post=13"}],"version-history":[{"count":17,"href":"https:\/\/psychomotricienne-samatan.fr\/index.php\/wp-json\/wp\/v2\/pages\/13\/revisions"}],"predecessor-version":[{"id":414,"href":"https:\/\/psychomotricienne-samatan.fr\/index.php\/wp-json\/wp\/v2\/pages\/13\/revisions\/414"}],"wp:attachment":[{"href":"https:\/\/psychomotricienne-samatan.fr\/index.php\/wp-json\/wp\/v2\/media?parent=13"}],"curies":[{"name":"wp","href":"https:\/\/api.w.org\/{rel}","templated":true}]}}